{"id":1486,"date":"2026-01-20T12:11:11","date_gmt":"2026-01-20T12:11:11","guid":{"rendered":"https:\/\/bonuskongcasino.com\/login-and-registration\/"},"modified":"2026-02-25T16:10:42","modified_gmt":"2026-02-25T16:10:42","slug":"logowanie-i-rejestracja","status":"publish","type":"page","link":"https:\/\/rollambia.org\/pl\/logowanie-i-rejestracja\/","title":{"rendered":"Logowanie i rejestracja"},"content":{"rendered":"<h1>Logowanie Rollambia<\/h1>\n<p>System logowania Rollambia zapewnia szybki i chroniony dost\u0119p do wszystkich funkcji platformy. Zbudowali\u015bmy go z my\u015bl\u0105 o prostocie, aby gracze mogli dotrze\u0107 do swoich ulubionych gier w kilka sekund. Po zako\u0144czeniu rejestracji otwiera si\u0119 przed tob\u0105 pe\u0142ne do\u015bwiadczenie kasyna Rollambia.<\/p>\n<p><div class=\"banner-wrap\" aria-label=\"Banner\"><img src=\"https:\/\/rollambia.org\/wp-content\/uploads\/2026\/02\/Rollambia-banner-desktop.webp\" class=\"w-100 d-none d-lg-block img-pc main-banner-img\" alt=\"Rollambia banner desktop\" fetchpriority=\"high\" decoding=\"async\"><img src=\"https:\/\/rollambia.org\/wp-content\/uploads\/2026\/02\/Rollambia-banner-mobile.webp\" class=\"w-100 d-none d-md-block d-lg-none main-banner-img\" alt=\"Rollambia banner mobile\" fetchpriority=\"high\" decoding=\"async\"><img src=\"https:\/\/rollambia.org\/wp-content\/uploads\/2026\/02\/Rollambia-banner-mobile.webp\" class=\"w-100 d-md-none\" alt=\"Rollambia banner mobile\" fetchpriority=\"high\" decoding=\"async\"><div class=\"banner-description\">\n<div class=\"banner-title\">Bonusy powitalne<\/div>\n<p class=\"banner-header-title\">1500 \u20ac<\/p>\n<div class=\"banner-header-AdditionalText\">+ 250 Darmowe spiny<\/div>\n<button data-item=\"homepage_banner_link\" class=\"goto m-button m-gradient-border m-button--primary m-button--large banner-button btn-orange\">\n            <div class=\"m-button-content\">\n                <span>Zarejestruj si\u0119 teraz<\/span>\n                <span><\/span>\n            <\/div>\n        <\/button>\n<\/div>\n<div class=\"WelcomePack\">\n<p><img loading=\"lazy\" decoding=\"async\" class=\"alignnone size-full wp-image-1848\" src=\"https:\/\/rollambia.org\/wp-content\/uploads\/2026\/02\/welcome-crown.png\" alt=\"welcome crown\" width=\"25\" height=\"26\" \/><\/p>\n<div class=\"WelcomePack-Info\">Cotygodniowy zwrot got\u00f3wki do 25%<\/div>\n<p><img loading=\"lazy\" decoding=\"async\" class=\"alignnone size-full wp-image-1848\" src=\"https:\/\/rollambia.org\/wp-content\/uploads\/2026\/02\/welcome-crown.png\" alt=\"welcome crown\" width=\"25\" height=\"26\" \/><\/p>\n<\/div>\n<\/div><div class=\"scrollable-content-wrap my-5\"><div class=\"scrollable-content-inner\"><h2>Zarz\u0105dzanie Rejestracj\u0105 w Kasynie Rollambia<\/h2>\n<p>Zarejestrowane konto w kasynie Rollambia daje ci dost\u0119p do tysi\u0119cy gier, w tym automat\u00f3w, sto\u0142\u00f3w z krupierami na \u017cywo i klasycznych gier karcianych. Cz\u0142onkowie mog\u0105 aktywowa\u0107 bonusy, uczestniczy\u0107 w turniejach, zarz\u0105dza\u0107 swoimi \u015brodkami i kontaktowa\u0107 si\u0119 bezpo\u015brednio z naszym Zespo\u0142em Wsparcia za po\u015brednictwem czatu na \u017cywo. Wszystkie funkcje konta s\u0105 dost\u0119pne z jednego panelu.<\/p>\n<p>Zarejestrowani gracze uzyskuj\u0105 r\u00f3wnie\u017c dost\u0119p do spersonalizowanych promocji opartych na ich aktywno\u015bci. Program lojalno\u015bciowy nagradza konsekwentn\u0105 gr\u0119 ofertami cashback i ekskluzywnymi korzy\u015bciami. Historia transakcji, post\u0119p bonus\u00f3w i narz\u0119dzia odpowiedzialnej gry s\u0105 widoczne przez ca\u0142y czas.<\/p>\n<table>\n<tbody>\n<tr>\n<td>Korzy\u015b\u0107 z Rejestracji<\/td>\n<td>Opis<\/td>\n<\/tr>\n<tr>\n<td>Dost\u0119p do gier<\/td>\n<td>Ponad 6000 automat\u00f3w, gier sto\u0142owych i sesji z krupierami na \u017cywo<\/td>\n<\/tr>\n<tr>\n<td>Uprawnienie do bonus\u00f3w<\/td>\n<td>Oferty powitalne, bonusy do\u0142adowania i udzia\u0142 w turniejach<\/td>\n<\/tr>\n<tr>\n<td>Zarz\u0105dzanie \u015brodkami<\/td>\n<td>Szybkie wp\u0142aty i wyp\u0142aty poprzez wiele metod<\/td>\n<\/tr>\n<tr>\n<td>Dost\u0119p do wsparcia<\/td>\n<td>Bezpo\u015bredni kontakt z naszym Zespo\u0142em Wsparcia przez czat na \u017cywo<\/td>\n<\/tr>\n<tr>\n<td>Nagrody lojalno\u015bciowe<\/td>\n<td>Gromadzenie punkt\u00f3w i spersonalizowane promocje<\/td>\n<\/tr>\n<\/tbody>\n<\/table>\n<h3>Jak Utworzy\u0107 Konto<\/h3>\n<p>Za\u0142o\u017cenie nowego konta Roll Ambia zajmuje tylko kilka minut.<\/p>\n<ol>\n<li>Otw\u00f3rz oficjaln\u0105 stron\u0119 Rollambia i znajd\u017a przycisk Zarejestruj si\u0119 w prawym g\u00f3rnym rogu.<\/li>\n<li>Kliknij, aby otworzy\u0107 formularz rejestracyjny.<\/li>\n<li>Wprowad\u017a prawid\u0142owy adres e-mail i utw\u00f3rz bezpieczne has\u0142o. Po\u0142\u0105cz wielkie i ma\u0142e litery, cyfry i symbole dla lepszej ochrony.<\/li>\n<li>Zaakceptuj regulamin i potwierd\u017a, \u017ce masz co najmniej 18 lat.<\/li>\n<li>Wy\u015blij formularz i sprawd\u017a swoj\u0105 skrzynk\u0119 odbiorcz\u0105 w poszukiwaniu e-maila potwierdzaj\u0105cego.<\/li>\n<li>Kliknij link, aby aktywowa\u0107 konto i zako\u0144czy\u0107 proces.<\/li>\n<\/ol>\n<p>Po aktywacji mo\u017cesz doda\u0107 dane osobowe, takie jak pe\u0142ne imi\u0119 i nazwisko, data urodzenia i adres w ustawieniach swojego profilu. Wczesne podanie dok\u0142adnych informacji sprawia, \u017ce proces weryfikacji jest p\u0142ynniejszy, gdy prosisz o wyp\u0142at\u0119.<\/p>\n<h2>Proces Logowania Rollambia<\/h2>\n<p>Powr\u00f3t do konta Roll Ambia jest prosty. Znajd\u017a przycisk logowania Rollambia na naszej stronie g\u0142\u00f3wnej. Wprowad\u017a zarejestrowany e-mail i has\u0142o. Sprawd\u017a b\u0142\u0119dy w pisowni i naci\u015bnij przycisk, aby wej\u015b\u0107.<\/p>\n<p>Po wej\u015bciu panel wy\u015bwietla wszystkie istotne informacje. Mo\u017cesz zobaczy\u0107 swoje aktualne saldo, aktywne bonusy i ostatnie transakcje. Ustawienia bezpiecze\u0144stwa pozwalaj\u0105 w\u0142\u0105czy\u0107 uwierzytelnianie dwusk\u0142adnikowe dla dodatkowej ochrony. Ta funkcja wymaga kodu z urz\u0105dzenia mobilnego za ka\u017cdym razem, gdy logujesz si\u0119 do Rollambia z nowej przegl\u0105darki lub lokalizacji.<\/p>\n<p>Nasza platforma u\u017cywa szyfrowania SSL do ochrony twoich danych podczas ka\u017cdej sesji. Je\u015bli napotkasz jakiekolwiek trudno\u015bci, wieloj\u0119zyczne wsparcie jest dost\u0119pne ca\u0142\u0105 dob\u0119. Skontaktuj si\u0119 z naszym zespo\u0142em przez czat na \u017cywo lub e-mail w celu natychmiastowej pomocy.<\/p>\n<h3>R\u00f3\u017cnica Mi\u0119dzy Logowaniem Mobilnym a na Komputerze<\/h3>\n<p>Obie wersje Roll Ambia zapewniaj\u0105 identyczn\u0105 funkcjonalno\u015b\u0107. Strona desktopowa wy\u015bwietla wszystkie menu i funkcje na szerszym ekranie. Wersja mobilna dostosowuje uk\u0142ad do mniejszych wy\u015bwietlaczy, zachowuj\u0105c dost\u0119pno\u015b\u0107 ka\u017cdej opcji.<\/p>\n<p>Na komputerze pole logowania Rollambia pojawia si\u0119 w nag\u0142\u00f3wku i pozostaje widoczne podczas przegl\u0105dania. Na urz\u0105dzeniu mobilnym uzyskujesz do niego dost\u0119p przez ikon\u0119 menu. Po wprowadzeniu danych uwierzytelniaj\u0105cych do\u015bwiadczenie jest takie samo. Gry \u0142aduj\u0105 si\u0119 prawid\u0142owo, wp\u0142aty s\u0105 przetwarzane natychmiast, a wsparcie pozostaje na wyci\u0105gni\u0119cie r\u0119ki.<\/p>\n<table>\n<tbody>\n<tr>\n<td>Funkcja<\/td>\n<td>Komputer<\/td>\n<td>Urz\u0105dzenie mobilne<\/td>\n<\/tr>\n<tr>\n<td>Lokalizacja logowania<\/td>\n<td>Prawy g\u00f3rny nag\u0142\u00f3wek<\/td>\n<td>Ikona menu<\/td>\n<\/tr>\n<tr>\n<td>Biblioteka gier<\/td>\n<td>Pe\u0142ny dost\u0119p<\/td>\n<td>Pe\u0142ny dost\u0119p<\/td>\n<\/tr>\n<tr>\n<td>Uwierzytelnianie dwusk\u0142adnikowe<\/td>\n<td>Obs\u0142ugiwane<\/td>\n<td>Obs\u0142ugiwane<\/td>\n<\/tr>\n<tr>\n<td>Czat na \u017cywo<\/td>\n<td>Dost\u0119pny<\/td>\n<td>Dost\u0119pny<\/td>\n<\/tr>\n<tr>\n<td>Zarz\u0105dzanie transakcjami<\/td>\n<td>Pe\u0142na kontrola<\/td>\n<td>Pe\u0142na kontrola<\/td>\n<\/tr>\n<\/tbody>\n<\/table>\n<p>Gracze prze\u0142\u0105czaj\u0105cy si\u0119 mi\u0119dzy urz\u0105dzeniami mog\u0105 pozosta\u0107 zalogowani na ka\u017cdym z nich. Nasz system \u015bledzi aktywne sesje i pozwala nimi zarz\u0105dza\u0107 z ustawie\u0144 bezpiecze\u0144stwa.<\/p>\n<p><img loading=\"lazy\" decoding=\"async\" class=\"alignnone size-full wp-image-2032\" src=\"https:\/\/rollambia.org\/wp-content\/uploads\/2026\/02\/Rollambia-login.webp\" alt=\"Rollambia login\" width=\"1248\" height=\"536\" srcset=\"https:\/\/rollambia.org\/wp-content\/uploads\/2026\/02\/Rollambia-login.webp 1248w, https:\/\/rollambia.org\/wp-content\/uploads\/2026\/02\/Rollambia-login-300x129.webp 300w, https:\/\/rollambia.org\/wp-content\/uploads\/2026\/02\/Rollambia-login-1024x440.webp 1024w, https:\/\/rollambia.org\/wp-content\/uploads\/2026\/02\/Rollambia-login-768x330.webp 768w\" sizes=\"auto, (max-width: 1248px) 100vw, 1248px\" \/><\/p>\n<h2>Procedura Weryfikacji Kasyna Roll Ambia<\/h2>\n<p>Przed przetworzeniem pierwszej wyp\u0142aty musimy zweryfikowa\u0107 twoj\u0105 to\u017csamo\u015b\u0107. Ten proces weryfikacji chroni twoje \u015brodki i zapewnia zgodno\u015b\u0107 ze standardami odpowiedzialnej gry. Nasz Zesp\u00f3\u0142 Wsparcia obs\u0142uguje wszystkie zg\u0142oszenia r\u0119cznie i traktuje twoje dokumenty z zachowaniem \u015bcis\u0142ej poufno\u015bci.<\/p>\n<p>B\u0119dziesz musia\u0142 dostarczy\u0107 nast\u0119puj\u0105ce dokumenty:<\/p>\n<ul>\n<li>Dow\u00f3d to\u017csamo\u015bci wydany przez rz\u0105d pokazuj\u0105cy twoje zdj\u0119cie i dat\u0119 urodzenia.<\/li>\n<li>Ostatni rachunek za media lub wyci\u0105g bankowy potwierdzaj\u0105cy tw\u00f3j adres.<\/li>\n<li>Dow\u00f3d metody p\u0142atno\u015bci, taki jak zdj\u0119cie karty lub zrzut ekranu portfela elektronicznego.<\/li>\n<\/ul>\n<p>Prze\u015blij te dokumenty przez ustawienia konta w kasynie Rollambia. Przegl\u0105d trwa zwykle do 48 godzin. Po zatwierdzeniu wyp\u0142aty s\u0105 przetwarzane bez dodatkowych kontroli. Je\u015bli potrzebujemy dodatkowych informacji, nasz zesp\u00f3\u0142 skontaktuje si\u0119 z tob\u0105 przez e-mail lub czat na \u017cywo.<\/p>\n<p>Dok\u0142adne dane rejestracyjne przyspieszaj\u0105 weryfikacj\u0119. Sprawd\u017a dwukrotnie swoje imi\u0119 i nazwisko oraz adres przed przes\u0142aniem dokument\u00f3w. Rozbie\u017cno\u015bci mi\u0119dzy twoim profilem a dokumentami powoduj\u0105 op\u00f3\u017anienia.<\/p>\n<h2>FAQ<\/h2>\n<h3>Jak mog\u0119 zweryfikowa\u0107 swoje konto, aby uzyska\u0107 dost\u0119p do wszystkich funkcji?<\/h3>\n<p>Otw\u00f3rz ustawienia konta i przejd\u017a do sekcji weryfikacji. Prze\u015blij wa\u017cny dow\u00f3d to\u017csamo\u015bci, potwierdzenie adresu i potwierdzenie metody p\u0142atno\u015bci. Nasz Zesp\u00f3\u0142 Wsparcia przegl\u0105da zg\u0142oszenia w ci\u0105gu 48 godzin. Po zatwierdzeniu wszystkie funkcje kasyna Rollambia, w tym wyp\u0142aty, staj\u0105 si\u0119 w pe\u0142ni dost\u0119pne. Skontaktuj si\u0119 z nami przez czat na \u017cywo, je\u015bli masz pytania dotycz\u0105ce akceptowanych format\u00f3w dokument\u00f3w.<\/p>\n<h3>Dlaczego musz\u0119 logowa\u0107 si\u0119 ponownie po zamkni\u0119ciu przegl\u0105darki?<\/h3>\n<p>Nasz system automatycznie ko\u0144czy sesje ze wzgl\u0119d\u00f3w bezpiecze\u0144stwa. Zapobiega to nieautoryzowanemu dost\u0119powi, je\u015bli zostawisz urz\u0105dzenie bez nadzoru lub udost\u0119pnisz je innym. Mo\u017cesz zapisa\u0107 swoje dane uwierzytelniaj\u0105ce w przegl\u0105darce na urz\u0105dzeniach osobistych dla szybszego logowania Roll Ambia. Nadal zalecamy w\u0142\u0105czenie uwierzytelniania dwusk\u0142adnikowego dla dodatkowej ochrony, niezale\u017cnie od tego ustawienia.<\/p>\n<h3>Jak mog\u0119 zmieni\u0107 swoje dane logowania?<\/h3>\n<p>Aby zaktualizowa\u0107 has\u0142o, przejd\u017a do ustawie\u0144 bezpiecze\u0144stwa w panelu konta. Wprowad\u017a obecne has\u0142o, a nast\u0119pnie utw\u00f3rz nowe. W przypadku zmian e-maila skontaktuj si\u0119 z naszym Zespo\u0142em Wsparcia przez czat na \u017cywo. Oferuj\u0105 wieloj\u0119zyczne wsparcie i zweryfikuj\u0105 twoj\u0105 to\u017csamo\u015b\u0107 przed przetworzeniem \u017c\u0105dania. Utrzymuj aktualne dane kontaktowe, aby otrzymywa\u0107 wa\u017cne powiadomienia dotycz\u0105ce konta Rollambia.<\/p>\n<\/div><\/div><\/p>\n","protected":false},"excerpt":{"rendered":"<p>Logowanie Rollambia System logowania Rollambia zapewnia szybki i chroniony dost\u0119p do wszystkich funkcji platformy. Zbudowali\u015bmy go z my\u015bl\u0105 o prostocie, aby gracze mogli dotrze\u0107 do swoich ulubionych gier w kilka sekund. Po zako\u0144czeniu rejestracji otwiera si\u0119 przed tob\u0105 pe\u0142ne do\u015bwiadczenie kasyna Rollambia.<\/p>\n","protected":false},"author":1,"featured_media":0,"parent":0,"menu_order":0,"comment_status":"closed","ping_status":"closed","template":"template-builder.php","meta":{"_acf_changed":false,"inline_featured_image":false,"footnotes":""},"class_list":["post-1486","page","type-page","status-publish","hentry"],"acf":[],"yoast_head":"<!-- This site is optimized with the Yoast SEO plugin v27.3 - https:\/\/yoast.com\/product\/yoast-seo-wordpress\/ -->\n<title>Rollambia Login \u2013 Rejestracja z Bezpiecznym Dost\u0119pem<\/title>\n<meta name=\"description\" content=\"Rollambia Login \u2013 zaloguj si\u0119 bezpiecznie lub zarejestruj konto w kilka sekund z szyfrowanym dost\u0119pem i szybk\u0105 weryfikacj\u0105. Zarz\u0105dzaj odzyskiwaniem has\u0142a, ustawieniami profilu i narz\u0119dziami konta \u0142atwo w Roll Ambia.\" \/>\n<meta name=\"robots\" content=\"index, follow, max-snippet:-1, max-image-preview:large, max-video-preview:-1\" \/>\n<link rel=\"canonical\" href=\"https:\/\/rollambia.org\/pl\/logowanie-i-rejestracja\/\" \/>\n<meta property=\"og:locale\" content=\"pl_PL\" \/>\n<meta property=\"og:type\" content=\"article\" \/>\n<meta property=\"og:title\" content=\"Rollambia Login \u2013 Rejestracja z Bezpiecznym Dost\u0119pem\" \/>\n<meta property=\"og:description\" content=\"Rollambia Login \u2013 zaloguj si\u0119 bezpiecznie lub zarejestruj konto w kilka sekund z szyfrowanym dost\u0119pem i szybk\u0105 weryfikacj\u0105. Zarz\u0105dzaj odzyskiwaniem has\u0142a, ustawieniami profilu i narz\u0119dziami konta \u0142atwo w Roll Ambia.\" \/>\n<meta property=\"og:url\" content=\"https:\/\/rollambia.org\/pl\/logowanie-i-rejestracja\/\" \/>\n<meta property=\"og:site_name\" content=\"rollambia\" \/>\n<meta property=\"article:modified_time\" content=\"2026-02-25T16:10:42+00:00\" \/>\n<meta name=\"twitter:card\" content=\"summary_large_image\" \/>\n<meta name=\"twitter:label1\" content=\"Est. reading time\" \/>\n\t<meta name=\"twitter:data1\" content=\"1 minute\" \/>\n<script type=\"application\/ld+json\" class=\"yoast-schema-graph\">{\"@context\":\"https:\\\/\\\/schema.org\",\"@graph\":[{\"@type\":\"WebPage\",\"@id\":\"https:\\\/\\\/rollambia.org\\\/pl\\\/logowanie-i-rejestracja\\\/\",\"url\":\"https:\\\/\\\/rollambia.org\\\/pl\\\/logowanie-i-rejestracja\\\/\",\"name\":\"Rollambia Login \u2013 Rejestracja z Bezpiecznym Dost\u0119pem\",\"isPartOf\":{\"@id\":\"https:\\\/\\\/rollambia.org\\\/pl\\\/#website\"},\"datePublished\":\"2026-01-20T12:11:11+00:00\",\"dateModified\":\"2026-02-25T16:10:42+00:00\",\"description\":\"Rollambia Login \u2013 zaloguj si\u0119 bezpiecznie lub zarejestruj konto w kilka sekund z szyfrowanym dost\u0119pem i szybk\u0105 weryfikacj\u0105. Zarz\u0105dzaj odzyskiwaniem has\u0142a, ustawieniami profilu i narz\u0119dziami konta \u0142atwo w Roll Ambia.\",\"breadcrumb\":{\"@id\":\"https:\\\/\\\/rollambia.org\\\/pl\\\/logowanie-i-rejestracja\\\/#breadcrumb\"},\"inLanguage\":\"pl-PL\",\"potentialAction\":[{\"@type\":\"ReadAction\",\"target\":[\"https:\\\/\\\/rollambia.org\\\/pl\\\/logowanie-i-rejestracja\\\/\"]}]},{\"@type\":\"BreadcrumbList\",\"@id\":\"https:\\\/\\\/rollambia.org\\\/pl\\\/logowanie-i-rejestracja\\\/#breadcrumb\",\"itemListElement\":[{\"@type\":\"ListItem\",\"position\":1,\"name\":\"Rollambia\",\"item\":\"https:\\\/\\\/rollambia.org\\\/pl\\\/\"},{\"@type\":\"ListItem\",\"position\":2,\"name\":\"Logowanie i rejestracja\"}]},{\"@type\":\"WebSite\",\"@id\":\"https:\\\/\\\/rollambia.org\\\/pl\\\/#website\",\"url\":\"https:\\\/\\\/rollambia.org\\\/pl\\\/\",\"name\":\"Rollambia\",\"description\":\"\",\"publisher\":{\"@id\":\"https:\\\/\\\/rollambia.org\\\/pl\\\/#organization\"},\"potentialAction\":[{\"@type\":\"SearchAction\",\"target\":{\"@type\":\"EntryPoint\",\"urlTemplate\":\"https:\\\/\\\/rollambia.org\\\/pl\\\/?s={search_term_string}\"},\"query-input\":{\"@type\":\"PropertyValueSpecification\",\"valueRequired\":true,\"valueName\":\"search_term_string\"}}],\"inLanguage\":\"pl-PL\"},{\"@type\":\"Organization\",\"@id\":\"https:\\\/\\\/rollambia.org\\\/pl\\\/#organization\",\"name\":\"Rollambia\",\"url\":\"https:\\\/\\\/rollambia.org\\\/pl\\\/\",\"logo\":{\"@type\":\"ImageObject\",\"inLanguage\":\"pl-PL\",\"@id\":\"https:\\\/\\\/rollambia.org\\\/pl\\\/#\\\/schema\\\/logo\\\/image\\\/\",\"url\":\"https:\\\/\\\/rollambia.org\\\/wp-content\\\/uploads\\\/2026\\\/02\\\/Rollambia-logo.png\",\"contentUrl\":\"https:\\\/\\\/rollambia.org\\\/wp-content\\\/uploads\\\/2026\\\/02\\\/Rollambia-logo.png\",\"width\":160,\"height\":40,\"caption\":\"Rollambia\"},\"image\":{\"@id\":\"https:\\\/\\\/rollambia.org\\\/pl\\\/#\\\/schema\\\/logo\\\/image\\\/\"}}]}<\/script>\n<!-- \/ Yoast SEO plugin. -->","yoast_head_json":{"title":"Rollambia Login \u2013 Rejestracja z Bezpiecznym Dost\u0119pem","description":"Rollambia Login \u2013 zaloguj si\u0119 bezpiecznie lub zarejestruj konto w kilka sekund z szyfrowanym dost\u0119pem i szybk\u0105 weryfikacj\u0105. Zarz\u0105dzaj odzyskiwaniem has\u0142a, ustawieniami profilu i narz\u0119dziami konta \u0142atwo w Roll Ambia.","robots":{"index":"index","follow":"follow","max-snippet":"max-snippet:-1","max-image-preview":"max-image-preview:large","max-video-preview":"max-video-preview:-1"},"canonical":"https:\/\/rollambia.org\/pl\/logowanie-i-rejestracja\/","og_locale":"pl_PL","og_type":"article","og_title":"Rollambia Login \u2013 Rejestracja z Bezpiecznym Dost\u0119pem","og_description":"Rollambia Login \u2013 zaloguj si\u0119 bezpiecznie lub zarejestruj konto w kilka sekund z szyfrowanym dost\u0119pem i szybk\u0105 weryfikacj\u0105. Zarz\u0105dzaj odzyskiwaniem has\u0142a, ustawieniami profilu i narz\u0119dziami konta \u0142atwo w Roll Ambia.","og_url":"https:\/\/rollambia.org\/pl\/logowanie-i-rejestracja\/","og_site_name":"rollambia","article_modified_time":"2026-02-25T16:10:42+00:00","twitter_card":"summary_large_image","twitter_misc":{"Est. reading time":"1 minute"},"schema":{"@context":"https:\/\/schema.org","@graph":[{"@type":"WebPage","@id":"https:\/\/rollambia.org\/pl\/logowanie-i-rejestracja\/","url":"https:\/\/rollambia.org\/pl\/logowanie-i-rejestracja\/","name":"Rollambia Login \u2013 Rejestracja z Bezpiecznym Dost\u0119pem","isPartOf":{"@id":"https:\/\/rollambia.org\/pl\/#website"},"datePublished":"2026-01-20T12:11:11+00:00","dateModified":"2026-02-25T16:10:42+00:00","description":"Rollambia Login \u2013 zaloguj si\u0119 bezpiecznie lub zarejestruj konto w kilka sekund z szyfrowanym dost\u0119pem i szybk\u0105 weryfikacj\u0105. Zarz\u0105dzaj odzyskiwaniem has\u0142a, ustawieniami profilu i narz\u0119dziami konta \u0142atwo w Roll Ambia.","breadcrumb":{"@id":"https:\/\/rollambia.org\/pl\/logowanie-i-rejestracja\/#breadcrumb"},"inLanguage":"pl-PL","potentialAction":[{"@type":"ReadAction","target":["https:\/\/rollambia.org\/pl\/logowanie-i-rejestracja\/"]}]},{"@type":"BreadcrumbList","@id":"https:\/\/rollambia.org\/pl\/logowanie-i-rejestracja\/#breadcrumb","itemListElement":[{"@type":"ListItem","position":1,"name":"Rollambia","item":"https:\/\/rollambia.org\/pl\/"},{"@type":"ListItem","position":2,"name":"Logowanie i rejestracja"}]},{"@type":"WebSite","@id":"https:\/\/rollambia.org\/pl\/#website","url":"https:\/\/rollambia.org\/pl\/","name":"Rollambia","description":"","publisher":{"@id":"https:\/\/rollambia.org\/pl\/#organization"},"potentialAction":[{"@type":"SearchAction","target":{"@type":"EntryPoint","urlTemplate":"https:\/\/rollambia.org\/pl\/?s={search_term_string}"},"query-input":{"@type":"PropertyValueSpecification","valueRequired":true,"valueName":"search_term_string"}}],"inLanguage":"pl-PL"},{"@type":"Organization","@id":"https:\/\/rollambia.org\/pl\/#organization","name":"Rollambia","url":"https:\/\/rollambia.org\/pl\/","logo":{"@type":"ImageObject","inLanguage":"pl-PL","@id":"https:\/\/rollambia.org\/pl\/#\/schema\/logo\/image\/","url":"https:\/\/rollambia.org\/wp-content\/uploads\/2026\/02\/Rollambia-logo.png","contentUrl":"https:\/\/rollambia.org\/wp-content\/uploads\/2026\/02\/Rollambia-logo.png","width":160,"height":40,"caption":"Rollambia"},"image":{"@id":"https:\/\/rollambia.org\/pl\/#\/schema\/logo\/image\/"}}]}},"_links":{"self":[{"href":"https:\/\/rollambia.org\/pl\/wp-json\/wp\/v2\/pages\/1486","targetHints":{"allow":["GET"]}}],"collection":[{"href":"https:\/\/rollambia.org\/pl\/wp-json\/wp\/v2\/pages"}],"about":[{"href":"https:\/\/rollambia.org\/pl\/wp-json\/wp\/v2\/types\/page"}],"author":[{"embeddable":true,"href":"https:\/\/rollambia.org\/pl\/wp-json\/wp\/v2\/users\/1"}],"replies":[{"embeddable":true,"href":"https:\/\/rollambia.org\/pl\/wp-json\/wp\/v2\/comments?post=1486"}],"version-history":[{"count":3,"href":"https:\/\/rollambia.org\/pl\/wp-json\/wp\/v2\/pages\/1486\/revisions"}],"predecessor-version":[{"id":2096,"href":"https:\/\/rollambia.org\/pl\/wp-json\/wp\/v2\/pages\/1486\/revisions\/2096"}],"wp:attachment":[{"href":"https:\/\/rollambia.org\/pl\/wp-json\/wp\/v2\/media?parent=1486"}],"curies":[{"name":"wp","href":"https:\/\/api.w.org\/{rel}","templated":true}]}}