{"id":1447,"date":"2026-01-20T12:08:23","date_gmt":"2026-01-20T12:08:23","guid":{"rendered":"https:\/\/bonuskongcasino.com\/app\/"},"modified":"2026-02-25T16:07:04","modified_gmt":"2026-02-25T16:07:04","slug":"aplikacja","status":"publish","type":"page","link":"https:\/\/rollambia.org\/pl\/aplikacja\/","title":{"rendered":"Aplikacja"},"content":{"rendered":"<h1>Aplikacja Rollambia: Mobilne Gry Kasynowe<\/h1>\n<p>Aplikacja Rollambia pozwala gra\u0107 w ulubione gry na smartfonach i tabletach. To wygodna opcja dla graczy, kt\u00f3rzy chc\u0105 pozosta\u0107 online niezale\u017cnie od lokalizacji czy urz\u0105dzenia. Oferujemy dedykowan\u0105 aplikacj\u0119 i wersj\u0119 przegl\u0105darkow\u0105 dla wszystkich urz\u0105dze\u0144 Android i iOS. Je\u015bli zalogujesz si\u0119 na swoje konto na wielu urz\u0105dzeniach, Twoje osi\u0105gni\u0119cia i post\u0119py zostan\u0105 zsynchronizowane mi\u0119dzy nimi.<\/p>\n<div class=\"banner-wrap\" aria-label=\"Banner\"><img src=\"https:\/\/rollambia.org\/wp-content\/uploads\/2026\/02\/Rollambia-banner-desktop.webp\" class=\"w-100 d-none d-lg-block img-pc main-banner-img\" alt=\"Rollambia banner desktop\" fetchpriority=\"high\" decoding=\"async\"><img src=\"https:\/\/rollambia.org\/wp-content\/uploads\/2026\/02\/Rollambia-banner-mobile.webp\" class=\"w-100 d-none d-md-block d-lg-none main-banner-img\" alt=\"Rollambia banner mobile\" fetchpriority=\"high\" decoding=\"async\"><img src=\"https:\/\/rollambia.org\/wp-content\/uploads\/2026\/02\/Rollambia-banner-mobile.webp\" class=\"w-100 d-md-none\" alt=\"Rollambia banner mobile\" fetchpriority=\"high\" decoding=\"async\"><div class=\"banner-description\">\n<div class=\"banner-title\">Bonusy powitalne<\/div>\n<p class=\"banner-header-title\">1500 \u20ac<\/p>\n<div class=\"banner-header-AdditionalText\">+ 250 Darmowe spiny<\/div>\n<button data-item=\"homepage_banner_link\" class=\"goto m-button m-gradient-border m-button--primary m-button--large banner-button btn-orange\">\n            <div class=\"m-button-content\">\n                <span>Zarejestruj si\u0119 teraz<\/span>\n                <span><\/span>\n            <\/div>\n        <\/button>\n<\/div>\n<div class=\"WelcomePack\">\n<p><img loading=\"lazy\" decoding=\"async\" class=\"alignnone size-full wp-image-1848\" src=\"https:\/\/rollambia.org\/wp-content\/uploads\/2026\/02\/welcome-crown.png\" alt=\"welcome crown\" width=\"25\" height=\"26\" \/><\/p>\n<div class=\"WelcomePack-Info\">Cotygodniowy zwrot got\u00f3wki do 25%<\/div>\n<p><img loading=\"lazy\" decoding=\"async\" class=\"alignnone size-full wp-image-1848\" src=\"https:\/\/rollambia.org\/wp-content\/uploads\/2026\/02\/welcome-crown.png\" alt=\"welcome crown\" width=\"25\" height=\"26\" \/><\/p>\n<\/div>\n<\/div>\n<h2>RollAmbia App Mobile<\/h2>\n<p>Aplikacja Rollambia jest zbudowana w technologii PWA (Progressive Web Application). Ten framework zapewnia szybsze czasy \u0142adowania i p\u0142ynniejsz\u0105 rozgrywk\u0119 w por\u00f3wnaniu ze standardowymi sesjami przegl\u0105darkowymi. Interfejs automatycznie dostosowuje si\u0119 do r\u00f3\u017cnych rozmiar\u00f3w ekranu.<\/p>\n<p>Oko\u0142o 80% naszych graczy preferuje granie mobilne od desktopowego. Mobilne kasyno oferuje pe\u0142n\u0105 kolekcj\u0119 gier: sloty online, gry sto\u0142owe, tytu\u0142y kasyna na \u017cywo i crash games. Wszystkie procesy dzia\u0142aj\u0105 identycznie jak na platformie desktopowej, w tym rejestracja, logowanie, p\u0142atno\u015bci i proces weryfikacji. Je\u015bli napotkasz jakiekolwiek problemy, skontaktuj si\u0119 z nami przez czat na \u017cywo wbudowany w aplikacj\u0119.<\/p>\n<table>\n<tbody>\n<tr>\n<td>Funkcja<\/td>\n<td>Aplikacja Mobilna<\/td>\n<td>Wersja Przegl\u0105darkowa<\/td>\n<\/tr>\n<tr>\n<td>Instalacja<\/td>\n<td>Jednorazowa konfiguracja ze strony<\/td>\n<td>Nie wymaga instalacji<\/td>\n<\/tr>\n<tr>\n<td>U\u017cycie pami\u0119ci<\/td>\n<td>Minimalne (tylko dane w pami\u0119ci podr\u0119cznej)<\/td>\n<td>Brak<\/td>\n<\/tr>\n<tr>\n<td>Powiadomienia push<\/td>\n<td>Tak<\/td>\n<td>Nie<\/td>\n<\/tr>\n<tr>\n<td>Dost\u0119p offline<\/td>\n<td>Cz\u0119\u015bciowy (strony w pami\u0119ci podr\u0119cznej)<\/td>\n<td>Nie<\/td>\n<\/tr>\n<tr>\n<td>Szybko\u015b\u0107 \u0142adowania<\/td>\n<td>Szybsza (zoptymalizowana PWA)<\/td>\n<td>Zale\u017cy od po\u0142\u0105czenia<\/td>\n<\/tr>\n<tr>\n<td>Ikona na ekranie g\u0142\u00f3wnym<\/td>\n<td>Tak<\/td>\n<td>Tylko r\u0119czny skr\u00f3t<\/td>\n<\/tr>\n<tr>\n<td>Automatyczne aktualizacje<\/td>\n<td>Automatyczne<\/td>\n<td>Zawsze aktualna<\/td>\n<\/tr>\n<\/tbody>\n<\/table>\n<p>Granie na PC daje wi\u0119kszy ekran i ulepszon\u0105 grafik\u0119. Wersja desktopowa sprawdza si\u0119 lepiej przy d\u0142u\u017cszych sesjach gry i zapewnia bardziej immersyjn\u0105 grafik\u0119. Aplikacja Roll Ambia wygrywa pod wzgl\u0119dem przeno\u015bno\u015bci i szybkiego dost\u0119pu przez powiadomienia push.<\/p>\n<p><div class=\"scrollable-content-wrap my-5\"><div class=\"scrollable-content-inner\"><h2>RollAmbia App &#8211; iOS<\/h2>\n<p>U\u017cytkownicy iOS maj\u0105 wiele sposob\u00f3w na gr\u0119 w Rollambia Casino. Aplikacja jest dost\u0119pna do instalacji bezpo\u015brednio z naszej strony internetowej. Poniewa\u017c App Store ma ograniczenia dotycz\u0105ce aplikacji hazardowych, nie znajdziesz jej tam.<\/p>\n<p>Proces instalacji przez Safari jest prosty. Przejd\u017a na nasz\u0105 oficjaln\u0105 stron\u0119 internetow\u0105, przewi\u0144 do stopki i dotknij linku &#8220;Casino App&#8221;. Wybierz &#8220;Zainstaluj&#8221;, aby doda\u0107 Progressive Web Application do ekranu g\u0142\u00f3wnego. Uruchom ikon\u0119 aplikacji i zaloguj si\u0119, aby rozpocz\u0105\u0107 gr\u0119.<\/p>\n<p>Wersja iOS jest zoptymalizowana pod k\u0105tem dotyku z gestami przesuwania i responsywnymi kontrolkami. Powiadomienia push informuj\u0105 Ci\u0119 o nowych bonusach, premierach gier i ekskluzywnych promocjach. Aplikacja RollAmbia idealnie skaluje si\u0119 do ekran\u00f3w iPhone&#8217;a i iPada.<\/p>\n<p><img loading=\"lazy\" decoding=\"async\" class=\"alignnone size-full wp-image-2008\" src=\"https:\/\/rollambia.org\/wp-content\/uploads\/2026\/02\/Rollambia-iOS.webp\" alt=\"Rollambia iOS\" width=\"1248\" height=\"536\" srcset=\"https:\/\/rollambia.org\/wp-content\/uploads\/2026\/02\/Rollambia-iOS.webp 1248w, https:\/\/rollambia.org\/wp-content\/uploads\/2026\/02\/Rollambia-iOS-300x129.webp 300w, https:\/\/rollambia.org\/wp-content\/uploads\/2026\/02\/Rollambia-iOS-1024x440.webp 1024w, https:\/\/rollambia.org\/wp-content\/uploads\/2026\/02\/Rollambia-iOS-768x330.webp 768w\" sizes=\"auto, (max-width: 1248px) 100vw, 1248px\" \/><\/p>\n<\/div><\/div><div style=\"clear: both\"><\/div><div class=\"d-flex justify-content-center\"><button data-item=\"decouvrez_link\" data-group=\"website_links\" class=\"goto fw-bold rounded-pill btn btn-orange\" aria-label=\"Pobierz aplikacj\u0119 Rollambia\" >Pobierz aplikacj\u0119 Rollambia<\/button><\/div><div class=\"scrollable-content-wrap my-5\"><div class=\"scrollable-content-inner\"><h2>RollAmbia App &#8211; Android<\/h2>\n<p>U\u017cytkownicy Androida mog\u0105 uzyska\u0107 dost\u0119p do naszej platformy na dowolnym preferowanym urz\u0105dzeniu. Aplikacja Rollambia nie wymaga pobierania du\u017cych plik\u00f3w z nieznanych \u017ar\u00f3de\u0142. Nasze rozwi\u0105zanie to progressive web application, kt\u00f3ra wykorzystuje minimaln\u0105 przestrze\u0144 dyskow\u0105 urz\u0105dzenia tylko na dane w pami\u0119ci podr\u0119cznej.<\/p>\n<p>Aby zainstalowa\u0107 aplikacj\u0119 Roll Ambia na Androidzie, wykonaj nast\u0119puj\u0105ce kroki:<\/p>\n<ol>\n<li>Odwied\u017a Rollambia Casino w preferowanej przegl\u0105darce mobilnej<\/li>\n<li>Kliknij &#8220;Casino App&#8221; w stopce strony g\u0142\u00f3wnej<\/li>\n<li>Kliknij &#8220;Zainstaluj&#8221;, gdy przycisk pojawi si\u0119 na ekranie<\/li>\n<li>Zako\u0144cz instalacj\u0119, aby doda\u0107 ikon\u0119 do ekranu g\u0142\u00f3wnego<\/li>\n<\/ol>\n<p>Ca\u0142y proces zajmuje kilka minut. Po instalacji otrzymujesz bezpo\u015bredni dost\u0119p do ca\u0142ej biblioteki gier. Interfejs zawiera du\u017ce przyciski i przyjazn\u0105 dla dotyku nawigacj\u0119, kt\u00f3ra dzia\u0142a p\u0142ynnie zar\u00f3wno na smartfonach, jak i tabletach.<\/p>\n<h3>Roll Ambia APK<\/h3>\n<p>Nie dystrybuujemy tradycyjnych plik\u00f3w APK dla aplikacji Rollambia. Zamiast tego nasze mobilne kasyno wykorzystuje technologi\u0119 PWA. To podej\u015bcie oferuje kilka zalet w por\u00f3wnaniu ze standardowymi instalacjami APK.<\/p>\n<table>\n<tbody>\n<tr>\n<td>Aspekt<\/td>\n<td>PWA<\/td>\n<td>Tradycyjny APK<\/td>\n<\/tr>\n<tr>\n<td>\u0179r\u00f3d\u0142o instalacji<\/td>\n<td>Tylko oficjalna strona<\/td>\n<td>R\u00f3\u017cne \u017ar\u00f3d\u0142a<\/td>\n<\/tr>\n<tr>\n<td>Aktualizacje<\/td>\n<td>Automatyczne<\/td>\n<td>Wymagane r\u0119czne pobieranie<\/td>\n<\/tr>\n<tr>\n<td>Przestrze\u0144 dyskowa<\/td>\n<td>Minimalna<\/td>\n<td>Wi\u0119kszy rozmiar pliku<\/td>\n<\/tr>\n<tr>\n<td>Bezpiecze\u0144stwo<\/td>\n<td>Zawsze aktualna wersja<\/td>\n<td>Ryzyko przestarza\u0142ych wersji<\/td>\n<\/tr>\n<tr>\n<td>Czas pobierania<\/td>\n<td>Natychmiastowy<\/td>\n<td>D\u0142u\u017cszy<\/td>\n<\/tr>\n<\/tbody>\n<\/table>\n<p>Framework PWA eliminuje potrzeb\u0119 w\u0142\u0105czania instalacji z nieznanych \u017ar\u00f3de\u0142 w ustawieniach urz\u0105dzenia. Gracze uzyskuj\u0105 dost\u0119p do aplikacji Roll Ambia bezpo\u015brednio przez nasz\u0105 bezpieczn\u0105 stron\u0119 internetow\u0105. Ta metoda zapewnia, \u017ce zawsze u\u017cywasz najnowszej wersji z aktualnymi protoko\u0142ami bezpiecze\u0144stwa.<\/p>\n<p><img loading=\"lazy\" decoding=\"async\" class=\"alignnone size-full wp-image-2000\" src=\"https:\/\/rollambia.org\/wp-content\/uploads\/2026\/02\/Rollambia-Android.webp\" alt=\"Rollambia Android\" width=\"1248\" height=\"536\" srcset=\"https:\/\/rollambia.org\/wp-content\/uploads\/2026\/02\/Rollambia-Android.webp 1248w, https:\/\/rollambia.org\/wp-content\/uploads\/2026\/02\/Rollambia-Android-300x129.webp 300w, https:\/\/rollambia.org\/wp-content\/uploads\/2026\/02\/Rollambia-Android-1024x440.webp 1024w, https:\/\/rollambia.org\/wp-content\/uploads\/2026\/02\/Rollambia-Android-768x330.webp 768w\" sizes=\"auto, (max-width: 1248px) 100vw, 1248px\" \/><\/p>\n<\/div><\/div><div style=\"clear: both\"><\/div><div class=\"d-flex justify-content-center\"><button data-item=\"decouvrez_link\" data-group=\"website_links\" class=\"goto fw-bold rounded-pill btn btn-orange\" aria-label=\"Pobierz Rollambia\" >Pobierz Rollambia<\/button><\/div><div class=\"scrollable-content-wrap my-5\"><div class=\"scrollable-content-inner\"><h2>Roll Ambia Casino App &#8211; Desktop i obs\u0142ugiwane przegl\u0105darki<\/h2>\n<p>Granie na PC lub laptopie z du\u017cym ekranem zapewnia bardziej immersyjne wra\u017cenia z gry. Wszystkie Twoje dane i preferencje Rollambia Casino synchronizuj\u0105 si\u0119 mi\u0119dzy platformami mobilnymi i desktopowymi.<\/p>\n<p>Wersja desktopowa dzia\u0142a przez ka\u017cd\u0105 nowoczesn\u0105 przegl\u0105dark\u0119. Google Chrome, Mozilla Firefox, Safari i Microsoft Edge zapewniaj\u0105 maksymaln\u0105 wydajno\u015b\u0107 i bezpiecze\u0144stwo. Te przegl\u0105darki obs\u0142uguj\u0105 tworzenie skr\u00f3t\u00f3w dla szybkiego dost\u0119pu do platformy.<\/p>\n<p>Przy stabilnym po\u0142\u0105czeniu internetowym b\u0119dziesz cieszy\u0107 si\u0119 p\u0142ynn\u0105 rozgrywk\u0105 i szybkim \u0142adowaniem wszystkich funkcji. Platforma desktopowa zapewnia wi\u0119ksz\u0105 grafik\u0119 i ulepszone efekty d\u017awi\u0119kowe. Zesp\u00f3\u0142 Wsparcia jest dost\u0119pny przez ten sam system czatu na \u017cywo co w mobilnym kasynie.<\/p>\n<p>Wersja przegl\u0105darkowa automatycznie dostosowuje si\u0119 do rozdzielczo\u015bci Twojego ekranu. Nie s\u0105 wymagane dodatkowe wtyczki ani rozszerzenia. Regularne aktualizacje przegl\u0105darki zapewniaj\u0105 kompatybilno\u015b\u0107 ze wszystkimi funkcjami RollAmbia.<\/p>\n<p><img loading=\"lazy\" decoding=\"async\" class=\"alignnone size-full wp-image-2016\" src=\"https:\/\/rollambia.org\/wp-content\/uploads\/2026\/02\/Rollambia-Desktop.webp\" alt=\"Rollambia Desktop\" width=\"1248\" height=\"536\" srcset=\"https:\/\/rollambia.org\/wp-content\/uploads\/2026\/02\/Rollambia-Desktop.webp 1248w, https:\/\/rollambia.org\/wp-content\/uploads\/2026\/02\/Rollambia-Desktop-300x129.webp 300w, https:\/\/rollambia.org\/wp-content\/uploads\/2026\/02\/Rollambia-Desktop-1024x440.webp 1024w, https:\/\/rollambia.org\/wp-content\/uploads\/2026\/02\/Rollambia-Desktop-768x330.webp 768w\" sizes=\"auto, (max-width: 1248px) 100vw, 1248px\" \/><\/p>\n<\/div><\/div><div style=\"clear: both\"><\/div><div class=\"d-flex justify-content-center\"><button data-item=\"decouvrez_link\" data-group=\"website_links\" class=\"goto fw-bold rounded-pill btn btn-orange\" aria-label=\"Pobierz aplikacj\u0119 Rollambia\" >Pobierz aplikacj\u0119 Rollambia<\/button><\/div><div class=\"scrollable-content-wrap my-5\"><div class=\"scrollable-content-inner\"><h2>FAQ<\/h2>\n<h3>Jak naprawi\u0107 problemy z \u0142adowaniem lub po\u0142\u0105czeniem w aplikacji?<\/h3>\n<p>Najpierw sprawd\u017a po\u0142\u0105czenie internetowe. Uruchom ponownie urz\u0105dzenie, je\u015bli problem si\u0119 utrzymuje. Wyczyszczenie pami\u0119ci podr\u0119cznej przegl\u0105darki mo\u017ce rozwi\u0105za\u0107 typowe problemy. Upewnij si\u0119, \u017ce Twoja przegl\u0105darka jest zaktualizowana do najnowszej wersji. Je\u015bli problemy si\u0119 utrzymuj\u0105, skontaktuj si\u0119 z naszym Zespo\u0142em Wsparcia przez czat na \u017cywo w celu uzyskania pomocy technicznej.<\/p>\n<h3>Sk\u0105d mog\u0119 pobra\u0107 aplikacj\u0119 RollAmbia Casino z wiarygodnego \u017ar\u00f3d\u0142a?<\/h3>\n<p>Jedynym wiarygodnym \u017ar\u00f3d\u0142em aplikacji Rollambia jest nasza oficjalna strona internetowa. Przejd\u017a na stron\u0119 g\u0142\u00f3wn\u0105 Roll Ambia Casino i kliknij przycisk &#8220;Casino App&#8221; w stopce. To zapewnia, \u017ce instalujesz autentyczn\u0105 PWA ze wszystkimi funkcjami bezpiecze\u0144stwa nienaruszonymi.<\/p>\n<h3>Czy aplikacja u\u017cywa tych samych \u015brodk\u00f3w bezpiecze\u0144stwa co strona internetowa?<\/h3>\n<p>Aplikacja Rollambia u\u017cywa identycznych protoko\u0142\u00f3w bezpiecze\u0144stwa jak nasza strona desktopowa. Szyfrowanie SSL chroni wszystkie transfery danych. Proces weryfikacji dzia\u0142a tak samo na wszystkich platformach. Transakcje p\u0142atnicze przechodz\u0105 przez te same bezpieczne bramki niezale\u017cnie od urz\u0105dzenia.<\/p>\n<h3>Jak mog\u0119 skontaktowa\u0107 si\u0119 ze wsparciem z poziomu aplikacji?<\/h3>\n<p>Funkcja czatu na \u017cywo jest wbudowana w aplikacj\u0119 RollAmbia. Dotknij ikony wsparcia, aby po\u0142\u0105czy\u0107 si\u0119 bezpo\u015brednio z naszym Zespo\u0142em Wsparcia. Agenci s\u0105 dost\u0119pni 24\/7, aby pom\u00f3c z wszelkimi pytaniami dotycz\u0105cymi Twojego do\u015bwiadczenia z gr\u0105, zarz\u0105dzania kontem lub problem\u00f3w technicznych.<\/p>\n<\/div><\/div><\/p>\n","protected":false},"excerpt":{"rendered":"<p>Aplikacja Rollambia: Mobilne Gry Kasynowe Aplikacja Rollambia pozwala gra\u0107 w ulubione gry na smartfonach i tabletach. To wygodna opcja dla graczy, kt\u00f3rzy chc\u0105 pozosta\u0107 online niezale\u017cnie od lokalizacji czy urz\u0105dzenia. Oferujemy dedykowan\u0105 aplikacj\u0119 i wersj\u0119 przegl\u0105darkow\u0105 dla wszystkich urz\u0105dze\u0144 Android i iOS. Je\u015bli zalogujesz si\u0119 na swoje konto na wielu urz\u0105dzeniach, Twoje osi\u0105gni\u0119cia i post\u0119py [&hellip;]<\/p>\n","protected":false},"author":1,"featured_media":0,"parent":0,"menu_order":0,"comment_status":"closed","ping_status":"closed","template":"template-builder.php","meta":{"_acf_changed":false,"inline_featured_image":false,"footnotes":""},"class_list":["post-1447","page","type-page","status-publish","hentry"],"acf":[],"yoast_head":"<!-- This site is optimized with the Yoast SEO plugin v27.3 - https:\/\/yoast.com\/product\/yoast-seo-wordpress\/ -->\n<title>Rollambia App na Mobile OS | Pobierz \u2013 iOS, Android<\/title>\n<meta name=\"description\" content=\"Rollambia App \u2013 pobierz aplikacj\u0119 mobiln\u0105 na iOS i Android, aby gra\u0107 w sloty, ruletk\u0119, gry sto\u0142owe i kasyno na \u017cywo gdziekolwiek jeste\u015b. Ciesz si\u0119 p\u0142ynnym dzia\u0142aniem i pe\u0142nym dost\u0119pem do konta z Roll Ambia.\" \/>\n<meta name=\"robots\" content=\"index, follow, max-snippet:-1, max-image-preview:large, max-video-preview:-1\" \/>\n<link rel=\"canonical\" href=\"https:\/\/rollambia.org\/pl\/aplikacja\/\" \/>\n<meta property=\"og:locale\" content=\"pl_PL\" \/>\n<meta property=\"og:type\" content=\"article\" \/>\n<meta property=\"og:title\" content=\"Rollambia App na Mobile OS | Pobierz \u2013 iOS, Android\" \/>\n<meta property=\"og:description\" content=\"Rollambia App \u2013 pobierz aplikacj\u0119 mobiln\u0105 na iOS i Android, aby gra\u0107 w sloty, ruletk\u0119, gry sto\u0142owe i kasyno na \u017cywo gdziekolwiek jeste\u015b. Ciesz si\u0119 p\u0142ynnym dzia\u0142aniem i pe\u0142nym dost\u0119pem do konta z Roll Ambia.\" \/>\n<meta property=\"og:url\" content=\"https:\/\/rollambia.org\/pl\/aplikacja\/\" \/>\n<meta property=\"og:site_name\" content=\"rollambia\" \/>\n<meta property=\"article:modified_time\" content=\"2026-02-25T16:07:04+00:00\" \/>\n<meta name=\"twitter:card\" content=\"summary_large_image\" \/>\n<meta name=\"twitter:label1\" content=\"Est. reading time\" \/>\n\t<meta name=\"twitter:data1\" content=\"2 minutes\" \/>\n<script type=\"application\/ld+json\" class=\"yoast-schema-graph\">{\"@context\":\"https:\\\/\\\/schema.org\",\"@graph\":[{\"@type\":\"WebPage\",\"@id\":\"https:\\\/\\\/rollambia.org\\\/pl\\\/aplikacja\\\/\",\"url\":\"https:\\\/\\\/rollambia.org\\\/pl\\\/aplikacja\\\/\",\"name\":\"Rollambia App na Mobile OS | Pobierz \u2013 iOS, Android\",\"isPartOf\":{\"@id\":\"https:\\\/\\\/rollambia.org\\\/pl\\\/#website\"},\"datePublished\":\"2026-01-20T12:08:23+00:00\",\"dateModified\":\"2026-02-25T16:07:04+00:00\",\"description\":\"Rollambia App \u2013 pobierz aplikacj\u0119 mobiln\u0105 na iOS i Android, aby gra\u0107 w sloty, ruletk\u0119, gry sto\u0142owe i kasyno na \u017cywo gdziekolwiek jeste\u015b. Ciesz si\u0119 p\u0142ynnym dzia\u0142aniem i pe\u0142nym dost\u0119pem do konta z Roll Ambia.\",\"breadcrumb\":{\"@id\":\"https:\\\/\\\/rollambia.org\\\/pl\\\/aplikacja\\\/#breadcrumb\"},\"inLanguage\":\"pl-PL\",\"potentialAction\":[{\"@type\":\"ReadAction\",\"target\":[\"https:\\\/\\\/rollambia.org\\\/pl\\\/aplikacja\\\/\"]}]},{\"@type\":\"BreadcrumbList\",\"@id\":\"https:\\\/\\\/rollambia.org\\\/pl\\\/aplikacja\\\/#breadcrumb\",\"itemListElement\":[{\"@type\":\"ListItem\",\"position\":1,\"name\":\"Rollambia\",\"item\":\"https:\\\/\\\/rollambia.org\\\/pl\\\/\"},{\"@type\":\"ListItem\",\"position\":2,\"name\":\"Aplikacja\"}]},{\"@type\":\"WebSite\",\"@id\":\"https:\\\/\\\/rollambia.org\\\/pl\\\/#website\",\"url\":\"https:\\\/\\\/rollambia.org\\\/pl\\\/\",\"name\":\"Rollambia\",\"description\":\"\",\"publisher\":{\"@id\":\"https:\\\/\\\/rollambia.org\\\/pl\\\/#organization\"},\"potentialAction\":[{\"@type\":\"SearchAction\",\"target\":{\"@type\":\"EntryPoint\",\"urlTemplate\":\"https:\\\/\\\/rollambia.org\\\/pl\\\/?s={search_term_string}\"},\"query-input\":{\"@type\":\"PropertyValueSpecification\",\"valueRequired\":true,\"valueName\":\"search_term_string\"}}],\"inLanguage\":\"pl-PL\"},{\"@type\":\"Organization\",\"@id\":\"https:\\\/\\\/rollambia.org\\\/pl\\\/#organization\",\"name\":\"Rollambia\",\"url\":\"https:\\\/\\\/rollambia.org\\\/pl\\\/\",\"logo\":{\"@type\":\"ImageObject\",\"inLanguage\":\"pl-PL\",\"@id\":\"https:\\\/\\\/rollambia.org\\\/pl\\\/#\\\/schema\\\/logo\\\/image\\\/\",\"url\":\"https:\\\/\\\/rollambia.org\\\/wp-content\\\/uploads\\\/2026\\\/02\\\/Rollambia-logo.png\",\"contentUrl\":\"https:\\\/\\\/rollambia.org\\\/wp-content\\\/uploads\\\/2026\\\/02\\\/Rollambia-logo.png\",\"width\":160,\"height\":40,\"caption\":\"Rollambia\"},\"image\":{\"@id\":\"https:\\\/\\\/rollambia.org\\\/pl\\\/#\\\/schema\\\/logo\\\/image\\\/\"}}]}<\/script>\n<!-- \/ Yoast SEO plugin. -->","yoast_head_json":{"title":"Rollambia App na Mobile OS | Pobierz \u2013 iOS, Android","description":"Rollambia App \u2013 pobierz aplikacj\u0119 mobiln\u0105 na iOS i Android, aby gra\u0107 w sloty, ruletk\u0119, gry sto\u0142owe i kasyno na \u017cywo gdziekolwiek jeste\u015b. Ciesz si\u0119 p\u0142ynnym dzia\u0142aniem i pe\u0142nym dost\u0119pem do konta z Roll Ambia.","robots":{"index":"index","follow":"follow","max-snippet":"max-snippet:-1","max-image-preview":"max-image-preview:large","max-video-preview":"max-video-preview:-1"},"canonical":"https:\/\/rollambia.org\/pl\/aplikacja\/","og_locale":"pl_PL","og_type":"article","og_title":"Rollambia App na Mobile OS | Pobierz \u2013 iOS, Android","og_description":"Rollambia App \u2013 pobierz aplikacj\u0119 mobiln\u0105 na iOS i Android, aby gra\u0107 w sloty, ruletk\u0119, gry sto\u0142owe i kasyno na \u017cywo gdziekolwiek jeste\u015b. Ciesz si\u0119 p\u0142ynnym dzia\u0142aniem i pe\u0142nym dost\u0119pem do konta z Roll Ambia.","og_url":"https:\/\/rollambia.org\/pl\/aplikacja\/","og_site_name":"rollambia","article_modified_time":"2026-02-25T16:07:04+00:00","twitter_card":"summary_large_image","twitter_misc":{"Est. reading time":"2 minutes"},"schema":{"@context":"https:\/\/schema.org","@graph":[{"@type":"WebPage","@id":"https:\/\/rollambia.org\/pl\/aplikacja\/","url":"https:\/\/rollambia.org\/pl\/aplikacja\/","name":"Rollambia App na Mobile OS | Pobierz \u2013 iOS, Android","isPartOf":{"@id":"https:\/\/rollambia.org\/pl\/#website"},"datePublished":"2026-01-20T12:08:23+00:00","dateModified":"2026-02-25T16:07:04+00:00","description":"Rollambia App \u2013 pobierz aplikacj\u0119 mobiln\u0105 na iOS i Android, aby gra\u0107 w sloty, ruletk\u0119, gry sto\u0142owe i kasyno na \u017cywo gdziekolwiek jeste\u015b. Ciesz si\u0119 p\u0142ynnym dzia\u0142aniem i pe\u0142nym dost\u0119pem do konta z Roll Ambia.","breadcrumb":{"@id":"https:\/\/rollambia.org\/pl\/aplikacja\/#breadcrumb"},"inLanguage":"pl-PL","potentialAction":[{"@type":"ReadAction","target":["https:\/\/rollambia.org\/pl\/aplikacja\/"]}]},{"@type":"BreadcrumbList","@id":"https:\/\/rollambia.org\/pl\/aplikacja\/#breadcrumb","itemListElement":[{"@type":"ListItem","position":1,"name":"Rollambia","item":"https:\/\/rollambia.org\/pl\/"},{"@type":"ListItem","position":2,"name":"Aplikacja"}]},{"@type":"WebSite","@id":"https:\/\/rollambia.org\/pl\/#website","url":"https:\/\/rollambia.org\/pl\/","name":"Rollambia","description":"","publisher":{"@id":"https:\/\/rollambia.org\/pl\/#organization"},"potentialAction":[{"@type":"SearchAction","target":{"@type":"EntryPoint","urlTemplate":"https:\/\/rollambia.org\/pl\/?s={search_term_string}"},"query-input":{"@type":"PropertyValueSpecification","valueRequired":true,"valueName":"search_term_string"}}],"inLanguage":"pl-PL"},{"@type":"Organization","@id":"https:\/\/rollambia.org\/pl\/#organization","name":"Rollambia","url":"https:\/\/rollambia.org\/pl\/","logo":{"@type":"ImageObject","inLanguage":"pl-PL","@id":"https:\/\/rollambia.org\/pl\/#\/schema\/logo\/image\/","url":"https:\/\/rollambia.org\/wp-content\/uploads\/2026\/02\/Rollambia-logo.png","contentUrl":"https:\/\/rollambia.org\/wp-content\/uploads\/2026\/02\/Rollambia-logo.png","width":160,"height":40,"caption":"Rollambia"},"image":{"@id":"https:\/\/rollambia.org\/pl\/#\/schema\/logo\/image\/"}}]}},"_links":{"self":[{"href":"https:\/\/rollambia.org\/pl\/wp-json\/wp\/v2\/pages\/1447","targetHints":{"allow":["GET"]}}],"collection":[{"href":"https:\/\/rollambia.org\/pl\/wp-json\/wp\/v2\/pages"}],"about":[{"href":"https:\/\/rollambia.org\/pl\/wp-json\/wp\/v2\/types\/page"}],"author":[{"embeddable":true,"href":"https:\/\/rollambia.org\/pl\/wp-json\/wp\/v2\/users\/1"}],"replies":[{"embeddable":true,"href":"https:\/\/rollambia.org\/pl\/wp-json\/wp\/v2\/comments?post=1447"}],"version-history":[{"count":3,"href":"https:\/\/rollambia.org\/pl\/wp-json\/wp\/v2\/pages\/1447\/revisions"}],"predecessor-version":[{"id":2094,"href":"https:\/\/rollambia.org\/pl\/wp-json\/wp\/v2\/pages\/1447\/revisions\/2094"}],"wp:attachment":[{"href":"https:\/\/rollambia.org\/pl\/wp-json\/wp\/v2\/media?parent=1447"}],"curies":[{"name":"wp","href":"https:\/\/api.w.org\/{rel}","templated":true}]}}