{"id":1445,"date":"2026-01-20T12:08:23","date_gmt":"2026-01-20T12:08:23","guid":{"rendered":"https:\/\/bonuskongcasino.com\/app\/"},"modified":"2026-02-25T15:52:04","modified_gmt":"2026-02-25T15:52:04","slug":"applicazione","status":"publish","type":"page","link":"https:\/\/rollambia.org\/it\/applicazione\/","title":{"rendered":"Applicazione"},"content":{"rendered":"<h1>App Rollambia: Giochi da Casin\u00f2 Mobile<\/h1>\n<p>L&#8217;app Rollambia ti permette di giocare ai tuoi giochi preferiti su smartphone e tablet. \u00c8 un&#8217;opzione conveniente per i giocatori che vogliono rimanere online indipendentemente dalla posizione o dal dispositivo. Offriamo un&#8217;app dedicata e una versione browser per tutti i dispositivi Android e iOS. Se accedi al tuo account su pi\u00f9 dispositivi, i tuoi traguardi e progressi saranno sincronizzati tra di essi.<\/p>\n<div class=\"banner-wrap\" aria-label=\"Banner\"><img src=\"https:\/\/rollambia.org\/wp-content\/uploads\/2026\/02\/Rollambia-banner-desktop.webp\" class=\"w-100 d-none d-lg-block img-pc main-banner-img\" alt=\"Rollambia banner desktop\" fetchpriority=\"high\" decoding=\"async\"><img src=\"https:\/\/rollambia.org\/wp-content\/uploads\/2026\/02\/Rollambia-banner-mobile.webp\" class=\"w-100 d-none d-md-block d-lg-none main-banner-img\" alt=\"Rollambia banner mobile\" fetchpriority=\"high\" decoding=\"async\"><img src=\"https:\/\/rollambia.org\/wp-content\/uploads\/2026\/02\/Rollambia-banner-mobile.webp\" class=\"w-100 d-md-none\" alt=\"Rollambia banner mobile\" fetchpriority=\"high\" decoding=\"async\"><div class=\"banner-description\">\n<div class=\"banner-title\">Bonus di benvenuto<\/div>\n<p class=\"banner-header-title\">1500 \u20ac<\/p>\n<div class=\"banner-header-AdditionalText\">+ 250 Giri gratuiti<\/div>\n<button data-item=\"homepage_banner_link\" class=\"goto m-button m-gradient-border m-button--primary m-button--large banner-button btn-orange\">\n            <div class=\"m-button-content\">\n                <span>Iscriviti ora<\/span>\n                <span><\/span>\n            <\/div>\n        <\/button>\n<\/div>\n<div class=\"WelcomePack\">\n<p><img loading=\"lazy\" decoding=\"async\" class=\"alignnone size-full wp-image-1847\" src=\"https:\/\/rollambia.org\/wp-content\/uploads\/2026\/02\/welcome-crown.png\" alt=\"welcome crown\" width=\"25\" height=\"26\" \/><\/p>\n<div class=\"WelcomePack-Info\">Cashback settimanale fino al 25%<\/div>\n<p><img loading=\"lazy\" decoding=\"async\" class=\"alignnone size-full wp-image-1847\" src=\"https:\/\/rollambia.org\/wp-content\/uploads\/2026\/02\/welcome-crown.png\" alt=\"welcome crown\" width=\"25\" height=\"26\" \/><\/p>\n<\/div>\n<\/div>\n<h2>RollAmbia App Mobile<\/h2>\n<p>L&#8217;app Rollambia \u00e8 costruita sulla tecnologia PWA (Progressive Web Application). Questo framework offre tempi di caricamento pi\u00f9 rapidi e un gameplay pi\u00f9 fluido rispetto alle sessioni browser standard. L&#8217;interfaccia si adatta automaticamente alle diverse dimensioni dello schermo.<\/p>\n<p>Circa l&#8217;80% dei nostri giocatori preferisce il gioco mobile al desktop. Il casin\u00f2 mobile offre la collezione completa di giochi: slot online, giochi da tavolo, titoli di casin\u00f2 dal vivo e crash games. Tutti i processi funzionano in modo identico alla piattaforma desktop, incluse registrazione, login, pagamenti e processo di verifica. Se incontri problemi, contattaci tramite la chat dal vivo integrata nell&#8217;applicazione.<\/p>\n<table>\n<tbody>\n<tr>\n<td>Funzionalit\u00e0<\/td>\n<td>App Mobile<\/td>\n<td>Versione Browser<\/td>\n<\/tr>\n<tr>\n<td>Installazione<\/td>\n<td>Configurazione una tantum dal sito web<\/td>\n<td>Nessuna installazione necessaria<\/td>\n<\/tr>\n<tr>\n<td>Utilizzo memoria<\/td>\n<td>Minimo (solo dati nella cache)<\/td>\n<td>Nessuno<\/td>\n<\/tr>\n<tr>\n<td>Notifiche push<\/td>\n<td>S\u00ec<\/td>\n<td>No<\/td>\n<\/tr>\n<tr>\n<td>Accesso offline<\/td>\n<td>Parziale (pagine nella cache)<\/td>\n<td>No<\/td>\n<\/tr>\n<tr>\n<td>Velocit\u00e0 di caricamento<\/td>\n<td>Pi\u00f9 veloce (PWA ottimizzata)<\/td>\n<td>Dipende dalla connessione<\/td>\n<\/tr>\n<tr>\n<td>Icona schermata home<\/td>\n<td>S\u00ec<\/td>\n<td>Solo collegamento manuale<\/td>\n<\/tr>\n<tr>\n<td>Aggiornamenti automatici<\/td>\n<td>Automatici<\/td>\n<td>Sempre aggiornata<\/td>\n<\/tr>\n<\/tbody>\n<\/table>\n<p>Giocare su PC ti offre uno schermo pi\u00f9 grande e grafica migliorata. La versione desktop funziona meglio per sessioni di gioco pi\u00f9 lunghe e offre una grafica pi\u00f9 immersiva. L&#8217;app Roll Ambia vince in portabilit\u00e0 e accesso rapido tramite notifiche push.<\/p>\n<p><div class=\"scrollable-content-wrap my-5\"><div class=\"scrollable-content-inner\"><h2>RollAmbia App &#8211; iOS<\/h2>\n<p>Gli utenti iOS hanno molteplici modi per giocare al Rollambia Casino. L&#8217;app \u00e8 disponibile per l&#8217;installazione direttamente dal nostro sito web. Poich\u00e9 l&#8217;App Store ha restrizioni sulle applicazioni di gioco d&#8217;azzardo, non la troverai l\u00ec.<\/p>\n<p>Il processo di installazione tramite Safari \u00e8 semplice. Vai sul nostro sito web ufficiale, scorri fino al footer e tocca il link &#8220;Casino App&#8221;. Seleziona &#8220;Installa&#8221; per aggiungere la Progressive Web Application alla tua schermata home. Avvia l&#8217;icona dell&#8217;app e accedi per iniziare a giocare.<\/p>\n<p>La versione iOS \u00e8 ottimizzata per il touch con gesti di scorrimento e controlli reattivi. Le notifiche push ti tengono informato su nuovi bonus, uscite di giochi e promozioni esclusive. L&#8217;app RollAmbia si adatta perfettamente agli schermi di iPhone e iPad.<\/p>\n<p><img loading=\"lazy\" decoding=\"async\" class=\"alignnone size-full wp-image-2007\" src=\"https:\/\/rollambia.org\/wp-content\/uploads\/2026\/02\/Rollambia-iOS.webp\" alt=\"Rollambia iOS\" width=\"1248\" height=\"536\" srcset=\"https:\/\/rollambia.org\/wp-content\/uploads\/2026\/02\/Rollambia-iOS.webp 1248w, https:\/\/rollambia.org\/wp-content\/uploads\/2026\/02\/Rollambia-iOS-300x129.webp 300w, https:\/\/rollambia.org\/wp-content\/uploads\/2026\/02\/Rollambia-iOS-1024x440.webp 1024w, https:\/\/rollambia.org\/wp-content\/uploads\/2026\/02\/Rollambia-iOS-768x330.webp 768w\" sizes=\"auto, (max-width: 1248px) 100vw, 1248px\" \/><\/p>\n<\/div><\/div><div style=\"clear: both\"><\/div><div class=\"d-flex justify-content-center\"><button data-item=\"decouvrez_link\" data-group=\"website_links\" class=\"goto fw-bold rounded-pill btn btn-orange\" aria-label=\"Scarica l&#039;app Rollambia\" >Scarica l&#039;app Rollambia<\/button><\/div><div class=\"scrollable-content-wrap my-5\"><div class=\"scrollable-content-inner\"><h2>RollAmbia App &#8211; Android<\/h2>\n<p>Gli utenti Android possono accedere alla nostra piattaforma su qualsiasi dispositivo preferiscano. L&#8217;app Rollambia non richiede il download di file di grandi dimensioni da fonti sconosciute. La nostra soluzione \u00e8 una progressive web application che utilizza uno spazio di archiviazione minimo del dispositivo solo per i dati nella cache.<\/p>\n<p>Per installare l&#8217;app Roll Ambia su Android, segui questi passaggi:<\/p>\n<ol>\n<li>Visita Rollambia Casino nel tuo browser mobile preferito<\/li>\n<li>Clicca su &#8220;Casino App&#8221; nel footer della pagina principale<\/li>\n<li>Clicca su &#8220;Installa&#8221; quando il pulsante appare sullo schermo<\/li>\n<li>Completa l&#8217;installazione per aggiungere l&#8217;icona alla schermata home<\/li>\n<\/ol>\n<p>L&#8217;intero processo richiede pochi minuti. Dopo l&#8217;installazione, ottieni accesso diretto all&#8217;intera libreria di giochi. L&#8217;interfaccia presenta pulsanti grandi e navigazione touch-friendly che funziona perfettamente sia su smartphone che su tablet.<\/p>\n<h3>Roll Ambia APK<\/h3>\n<p>Non distribuiamo file APK tradizionali per l&#8217;app Rollambia. Invece, il nostro casin\u00f2 mobile utilizza la tecnologia PWA. Questo approccio offre diversi vantaggi rispetto alle installazioni APK standard.<\/p>\n<table>\n<tbody>\n<tr>\n<td>Aspetto<\/td>\n<td>PWA<\/td>\n<td>APK Tradizionale<\/td>\n<\/tr>\n<tr>\n<td>Fonte di installazione<\/td>\n<td>Solo sito ufficiale<\/td>\n<td>Varie fonti<\/td>\n<\/tr>\n<tr>\n<td>Aggiornamenti<\/td>\n<td>Automatici<\/td>\n<td>Download manuale richiesto<\/td>\n<\/tr>\n<tr>\n<td>Spazio di archiviazione<\/td>\n<td>Minimo<\/td>\n<td>Dimensione file maggiore<\/td>\n<\/tr>\n<tr>\n<td>Sicurezza<\/td>\n<td>Sempre versione attuale<\/td>\n<td>Rischio di versioni obsolete<\/td>\n<\/tr>\n<tr>\n<td>Tempo di download<\/td>\n<td>Istantaneo<\/td>\n<td>Pi\u00f9 lungo<\/td>\n<\/tr>\n<\/tbody>\n<\/table>\n<p>Il framework PWA elimina la necessit\u00e0 di abilitare le installazioni da fonti sconosciute nelle impostazioni del dispositivo. I giocatori accedono all&#8217;app Roll Ambia direttamente tramite il nostro sito web sicuro. Questo metodo garantisce che tu utilizzi sempre l&#8217;ultima versione con i protocolli di sicurezza attuali.<\/p>\n<p><img loading=\"lazy\" decoding=\"async\" class=\"alignnone size-full wp-image-1999\" src=\"https:\/\/rollambia.org\/wp-content\/uploads\/2026\/02\/Rollambia-Android.webp\" alt=\"Rollambia Android\" width=\"1248\" height=\"536\" srcset=\"https:\/\/rollambia.org\/wp-content\/uploads\/2026\/02\/Rollambia-Android.webp 1248w, https:\/\/rollambia.org\/wp-content\/uploads\/2026\/02\/Rollambia-Android-300x129.webp 300w, https:\/\/rollambia.org\/wp-content\/uploads\/2026\/02\/Rollambia-Android-1024x440.webp 1024w, https:\/\/rollambia.org\/wp-content\/uploads\/2026\/02\/Rollambia-Android-768x330.webp 768w\" sizes=\"auto, (max-width: 1248px) 100vw, 1248px\" \/><\/p>\n<\/div><\/div><div style=\"clear: both\"><\/div><div class=\"d-flex justify-content-center\"><button data-item=\"decouvrez_link\" data-group=\"website_links\" class=\"goto fw-bold rounded-pill btn btn-orange\" aria-label=\"Scarica Rollambia\" >Scarica Rollambia<\/button><\/div><div class=\"scrollable-content-wrap my-5\"><div class=\"scrollable-content-inner\"><h2>Roll Ambia Casino App &#8211; Desktop e browser supportati<\/h2>\n<p>Giocare su un PC o laptop con un grande schermo offre un&#8217;esperienza di gioco pi\u00f9 immersiva. Tutti i dettagli e le preferenze del tuo Rollambia Casino si sincronizzano tra le piattaforme mobile e desktop.<\/p>\n<p>La versione desktop funziona tramite qualsiasi browser moderno. Google Chrome, Mozilla Firefox, Safari e Microsoft Edge offrono prestazioni e sicurezza massime. Questi browser supportano la creazione di collegamenti per un accesso rapido alla piattaforma.<\/p>\n<p>Con una connessione Internet stabile, godrai di un gameplay fluido e un caricamento veloce di tutte le funzionalit\u00e0. La piattaforma desktop offre grafica pi\u00f9 grande ed effetti sonori migliorati. Il Team di Supporto \u00e8 disponibile tramite lo stesso sistema di chat dal vivo del casin\u00f2 mobile.<\/p>\n<p>La versione browser si adatta automaticamente alla risoluzione del tuo schermo. Non sono richiesti plugin o estensioni aggiuntive. Gli aggiornamenti regolari del browser garantiscono la compatibilit\u00e0 con tutte le funzionalit\u00e0 RollAmbia.<\/p>\n<p><img loading=\"lazy\" decoding=\"async\" class=\"alignnone size-full wp-image-2015\" src=\"https:\/\/rollambia.org\/wp-content\/uploads\/2026\/02\/Rollambia-Desktop.webp\" alt=\"Rollambia Desktop\" width=\"1248\" height=\"536\" srcset=\"https:\/\/rollambia.org\/wp-content\/uploads\/2026\/02\/Rollambia-Desktop.webp 1248w, https:\/\/rollambia.org\/wp-content\/uploads\/2026\/02\/Rollambia-Desktop-300x129.webp 300w, https:\/\/rollambia.org\/wp-content\/uploads\/2026\/02\/Rollambia-Desktop-1024x440.webp 1024w, https:\/\/rollambia.org\/wp-content\/uploads\/2026\/02\/Rollambia-Desktop-768x330.webp 768w\" sizes=\"auto, (max-width: 1248px) 100vw, 1248px\" \/><\/p>\n<\/div><\/div><div style=\"clear: both\"><\/div><div class=\"d-flex justify-content-center\"><button data-item=\"decouvrez_link\" data-group=\"website_links\" class=\"goto fw-bold rounded-pill btn btn-orange\" aria-label=\"Scarica l&#039;app Rollambia\" >Scarica l&#039;app Rollambia<\/button><\/div><div class=\"scrollable-content-wrap my-5\"><div class=\"scrollable-content-inner\"><h2>FAQ<\/h2>\n<h3>Come risolvo i problemi di caricamento o connessione nell&#8217;app?<\/h3>\n<p>Controlla prima la tua connessione Internet. Riavvia il dispositivo se il problema persiste. Svuotare la cache del browser pu\u00f2 risolvere problemi comuni. Assicurati che il tuo browser sia aggiornato all&#8217;ultima versione. Se i problemi continuano, contatta il nostro Team di Supporto tramite la chat dal vivo per assistenza tecnica.<\/p>\n<h3>Dove posso scaricare l&#8217;app RollAmbia Casino da una fonte affidabile?<\/h3>\n<p>L&#8217;unica fonte affidabile per l&#8217;app Rollambia \u00e8 il nostro sito web ufficiale. Vai alla homepage di Roll Ambia Casino e clicca sul pulsante &#8220;Casino App&#8221; nel footer. Questo garantisce l&#8217;installazione della vera PWA con tutte le funzionalit\u00e0 di sicurezza intatte.<\/p>\n<h3>L&#8217;app utilizza le stesse misure di sicurezza del sito web?<\/h3>\n<p>L&#8217;app Rollambia utilizza protocolli di sicurezza identici al nostro sito web desktop. La crittografia SSL protegge tutti i trasferimenti di dati. Il processo di verifica funziona allo stesso modo su tutte le piattaforme. Le transazioni di pagamento passano attraverso gli stessi gateway sicuri indipendentemente dal dispositivo.<\/p>\n<h3>Come posso contattare il supporto dall&#8217;interno dell&#8217;app?<\/h3>\n<p>La funzione di chat dal vivo \u00e8 integrata nell&#8217;app RollAmbia. Tocca l&#8217;icona del supporto per connetterti direttamente con il nostro Team di Supporto. Gli agenti sono disponibili 24\/7 per assistere con qualsiasi domanda relativa alla tua esperienza di gioco, gestione dell&#8217;account o problemi tecnici.<\/p>\n<\/div><\/div><\/p>\n","protected":false},"excerpt":{"rendered":"<p>App Rollambia: Giochi da Casin\u00f2 Mobile L&#8217;app Rollambia ti permette di giocare ai tuoi giochi preferiti su smartphone e tablet. \u00c8 un&#8217;opzione conveniente per i giocatori che vogliono rimanere online indipendentemente dalla posizione o dal dispositivo. Offriamo un&#8217;app dedicata e una versione browser per tutti i dispositivi Android e iOS. Se accedi al tuo account [&hellip;]<\/p>\n","protected":false},"author":1,"featured_media":0,"parent":0,"menu_order":0,"comment_status":"closed","ping_status":"closed","template":"template-builder.php","meta":{"_acf_changed":false,"inline_featured_image":false,"footnotes":""},"class_list":["post-1445","page","type-page","status-publish","hentry"],"acf":[],"yoast_head":"<!-- This site is optimized with the Yoast SEO plugin v27.3 - https:\/\/yoast.com\/product\/yoast-seo-wordpress\/ -->\n<title>Rollambia App per Mobile OS | Scarica \u2013 iOS, Android<\/title>\n<meta name=\"description\" content=\"Rollambia App \u2013 scarica l&#039;app mobile per iOS e Android per giocare a slot, roulette, giochi da tavolo e casin\u00f2 dal vivo ovunque. Goditi prestazioni fluide e accesso completo al tuo account con Roll Ambia.\" \/>\n<meta name=\"robots\" content=\"index, follow, max-snippet:-1, max-image-preview:large, max-video-preview:-1\" \/>\n<link rel=\"canonical\" href=\"https:\/\/rollambia.org\/it\/applicazione\/\" \/>\n<meta property=\"og:locale\" content=\"it_IT\" \/>\n<meta property=\"og:type\" content=\"article\" \/>\n<meta property=\"og:title\" content=\"Rollambia App per Mobile OS | Scarica \u2013 iOS, Android\" \/>\n<meta property=\"og:description\" content=\"Rollambia App \u2013 scarica l&#039;app mobile per iOS e Android per giocare a slot, roulette, giochi da tavolo e casin\u00f2 dal vivo ovunque. Goditi prestazioni fluide e accesso completo al tuo account con Roll Ambia.\" \/>\n<meta property=\"og:url\" content=\"https:\/\/rollambia.org\/it\/applicazione\/\" \/>\n<meta property=\"og:site_name\" content=\"rollambia\" \/>\n<meta property=\"article:modified_time\" content=\"2026-02-25T15:52:04+00:00\" \/>\n<meta name=\"twitter:card\" content=\"summary_large_image\" \/>\n<meta name=\"twitter:label1\" content=\"Est. reading time\" \/>\n\t<meta name=\"twitter:data1\" content=\"2 minutes\" \/>\n<script type=\"application\/ld+json\" class=\"yoast-schema-graph\">{\"@context\":\"https:\\\/\\\/schema.org\",\"@graph\":[{\"@type\":\"WebPage\",\"@id\":\"https:\\\/\\\/rollambia.org\\\/it\\\/applicazione\\\/\",\"url\":\"https:\\\/\\\/rollambia.org\\\/it\\\/applicazione\\\/\",\"name\":\"Rollambia App per Mobile OS | Scarica \u2013 iOS, Android\",\"isPartOf\":{\"@id\":\"https:\\\/\\\/rollambia.org\\\/it\\\/#website\"},\"datePublished\":\"2026-01-20T12:08:23+00:00\",\"dateModified\":\"2026-02-25T15:52:04+00:00\",\"description\":\"Rollambia App \u2013 scarica l'app mobile per iOS e Android per giocare a slot, roulette, giochi da tavolo e casin\u00f2 dal vivo ovunque. Goditi prestazioni fluide e accesso completo al tuo account con Roll Ambia.\",\"breadcrumb\":{\"@id\":\"https:\\\/\\\/rollambia.org\\\/it\\\/applicazione\\\/#breadcrumb\"},\"inLanguage\":\"it-IT\",\"potentialAction\":[{\"@type\":\"ReadAction\",\"target\":[\"https:\\\/\\\/rollambia.org\\\/it\\\/applicazione\\\/\"]}]},{\"@type\":\"BreadcrumbList\",\"@id\":\"https:\\\/\\\/rollambia.org\\\/it\\\/applicazione\\\/#breadcrumb\",\"itemListElement\":[{\"@type\":\"ListItem\",\"position\":1,\"name\":\"Rollambia\",\"item\":\"https:\\\/\\\/rollambia.org\\\/it\\\/\"},{\"@type\":\"ListItem\",\"position\":2,\"name\":\"Applicazione\"}]},{\"@type\":\"WebSite\",\"@id\":\"https:\\\/\\\/rollambia.org\\\/it\\\/#website\",\"url\":\"https:\\\/\\\/rollambia.org\\\/it\\\/\",\"name\":\"Rollambia\",\"description\":\"\",\"publisher\":{\"@id\":\"https:\\\/\\\/rollambia.org\\\/it\\\/#organization\"},\"potentialAction\":[{\"@type\":\"SearchAction\",\"target\":{\"@type\":\"EntryPoint\",\"urlTemplate\":\"https:\\\/\\\/rollambia.org\\\/it\\\/?s={search_term_string}\"},\"query-input\":{\"@type\":\"PropertyValueSpecification\",\"valueRequired\":true,\"valueName\":\"search_term_string\"}}],\"inLanguage\":\"it-IT\"},{\"@type\":\"Organization\",\"@id\":\"https:\\\/\\\/rollambia.org\\\/it\\\/#organization\",\"name\":\"Rollambia\",\"url\":\"https:\\\/\\\/rollambia.org\\\/it\\\/\",\"logo\":{\"@type\":\"ImageObject\",\"inLanguage\":\"it-IT\",\"@id\":\"https:\\\/\\\/rollambia.org\\\/it\\\/#\\\/schema\\\/logo\\\/image\\\/\",\"url\":\"https:\\\/\\\/rollambia.org\\\/wp-content\\\/uploads\\\/2026\\\/02\\\/Rollambia-logo.png\",\"contentUrl\":\"https:\\\/\\\/rollambia.org\\\/wp-content\\\/uploads\\\/2026\\\/02\\\/Rollambia-logo.png\",\"width\":160,\"height\":40,\"caption\":\"Rollambia\"},\"image\":{\"@id\":\"https:\\\/\\\/rollambia.org\\\/it\\\/#\\\/schema\\\/logo\\\/image\\\/\"}}]}<\/script>\n<!-- \/ Yoast SEO plugin. -->","yoast_head_json":{"title":"Rollambia App per Mobile OS | Scarica \u2013 iOS, Android","description":"Rollambia App \u2013 scarica l'app mobile per iOS e Android per giocare a slot, roulette, giochi da tavolo e casin\u00f2 dal vivo ovunque. Goditi prestazioni fluide e accesso completo al tuo account con Roll Ambia.","robots":{"index":"index","follow":"follow","max-snippet":"max-snippet:-1","max-image-preview":"max-image-preview:large","max-video-preview":"max-video-preview:-1"},"canonical":"https:\/\/rollambia.org\/it\/applicazione\/","og_locale":"it_IT","og_type":"article","og_title":"Rollambia App per Mobile OS | Scarica \u2013 iOS, Android","og_description":"Rollambia App \u2013 scarica l'app mobile per iOS e Android per giocare a slot, roulette, giochi da tavolo e casin\u00f2 dal vivo ovunque. Goditi prestazioni fluide e accesso completo al tuo account con Roll Ambia.","og_url":"https:\/\/rollambia.org\/it\/applicazione\/","og_site_name":"rollambia","article_modified_time":"2026-02-25T15:52:04+00:00","twitter_card":"summary_large_image","twitter_misc":{"Est. reading time":"2 minutes"},"schema":{"@context":"https:\/\/schema.org","@graph":[{"@type":"WebPage","@id":"https:\/\/rollambia.org\/it\/applicazione\/","url":"https:\/\/rollambia.org\/it\/applicazione\/","name":"Rollambia App per Mobile OS | Scarica \u2013 iOS, Android","isPartOf":{"@id":"https:\/\/rollambia.org\/it\/#website"},"datePublished":"2026-01-20T12:08:23+00:00","dateModified":"2026-02-25T15:52:04+00:00","description":"Rollambia App \u2013 scarica l'app mobile per iOS e Android per giocare a slot, roulette, giochi da tavolo e casin\u00f2 dal vivo ovunque. Goditi prestazioni fluide e accesso completo al tuo account con Roll Ambia.","breadcrumb":{"@id":"https:\/\/rollambia.org\/it\/applicazione\/#breadcrumb"},"inLanguage":"it-IT","potentialAction":[{"@type":"ReadAction","target":["https:\/\/rollambia.org\/it\/applicazione\/"]}]},{"@type":"BreadcrumbList","@id":"https:\/\/rollambia.org\/it\/applicazione\/#breadcrumb","itemListElement":[{"@type":"ListItem","position":1,"name":"Rollambia","item":"https:\/\/rollambia.org\/it\/"},{"@type":"ListItem","position":2,"name":"Applicazione"}]},{"@type":"WebSite","@id":"https:\/\/rollambia.org\/it\/#website","url":"https:\/\/rollambia.org\/it\/","name":"Rollambia","description":"","publisher":{"@id":"https:\/\/rollambia.org\/it\/#organization"},"potentialAction":[{"@type":"SearchAction","target":{"@type":"EntryPoint","urlTemplate":"https:\/\/rollambia.org\/it\/?s={search_term_string}"},"query-input":{"@type":"PropertyValueSpecification","valueRequired":true,"valueName":"search_term_string"}}],"inLanguage":"it-IT"},{"@type":"Organization","@id":"https:\/\/rollambia.org\/it\/#organization","name":"Rollambia","url":"https:\/\/rollambia.org\/it\/","logo":{"@type":"ImageObject","inLanguage":"it-IT","@id":"https:\/\/rollambia.org\/it\/#\/schema\/logo\/image\/","url":"https:\/\/rollambia.org\/wp-content\/uploads\/2026\/02\/Rollambia-logo.png","contentUrl":"https:\/\/rollambia.org\/wp-content\/uploads\/2026\/02\/Rollambia-logo.png","width":160,"height":40,"caption":"Rollambia"},"image":{"@id":"https:\/\/rollambia.org\/it\/#\/schema\/logo\/image\/"}}]}},"_links":{"self":[{"href":"https:\/\/rollambia.org\/it\/wp-json\/wp\/v2\/pages\/1445","targetHints":{"allow":["GET"]}}],"collection":[{"href":"https:\/\/rollambia.org\/it\/wp-json\/wp\/v2\/pages"}],"about":[{"href":"https:\/\/rollambia.org\/it\/wp-json\/wp\/v2\/types\/page"}],"author":[{"embeddable":true,"href":"https:\/\/rollambia.org\/it\/wp-json\/wp\/v2\/users\/1"}],"replies":[{"embeddable":true,"href":"https:\/\/rollambia.org\/it\/wp-json\/wp\/v2\/comments?post=1445"}],"version-history":[{"count":3,"href":"https:\/\/rollambia.org\/it\/wp-json\/wp\/v2\/pages\/1445\/revisions"}],"predecessor-version":[{"id":2085,"href":"https:\/\/rollambia.org\/it\/wp-json\/wp\/v2\/pages\/1445\/revisions\/2085"}],"wp:attachment":[{"href":"https:\/\/rollambia.org\/it\/wp-json\/wp\/v2\/media?parent=1445"}],"curies":[{"name":"wp","href":"https:\/\/api.w.org\/{rel}","templated":true}]}}